{"id":255,"date":"2025-02-04T17:34:31","date_gmt":"2025-02-04T17:34:31","guid":{"rendered":"https:\/\/dietish.co\/?page_id=255"},"modified":"2025-04-14T17:14:30","modified_gmt":"2025-04-14T17:14:30","slug":"anasayfa","status":"publish","type":"page","link":"https:\/\/dietish.co\/","title":{"rendered":"Anasayfa"},"content":{"rendered":"\n<p><\/p>\n\n\n\n<blockquote class=\"wp-block-quote is-layout-flow wp-block-quote-is-layout-flow\">\n<p class=\"has-text-align-center\">Diyetisyen \u00d6yk\u00fc \u00d6zsoy&#8217;un kuruculu\u011funu yapt\u0131\u011f\u0131 <em>Dietish Sa\u011fl\u0131kl\u0131 Ya\u015fam &amp; Diyet Klini\u011fi<\/em> ile sa\u011fl\u0131kl\u0131 ya\u015fam yolculu\u011funuzda yeni bir ad\u0131m at\u0131n!<\/p>\n<\/blockquote>\n\n\n\n<h2 class=\"wp-block-heading has-text-align-center\" id=\"aioseo-beslenme-programlari\"><a href=\"https:\/\/dietish.co\/?page_id=173\" title=\"Beslenme Programlar\u0131\">Beslenme Programlar\u0131<\/a><\/h2>\n\n\n\n<div class=\"wp-block-buttons is-layout-flex wp-block-buttons-is-layout-flex\">\n<div class=\"wp-block-button has-custom-width wp-block-button__width-50\"><a class=\"wp-block-button__link wp-element-button\" href=\"https:\/\/dietish.co\/?page_id=292\">7 G\u00fcnl\u00fck Detoks Program\u0131<\/a><\/div>\n\n\n\n<div class=\"wp-block-button has-custom-width wp-block-button__width-50\"><a class=\"wp-block-button__link wp-element-button\" href=\"https:\/\/dietish.co\/?page_id=173\">10 G\u00fcnl\u00fck \u015eekersiz Beslenme<\/a><\/div>\n\n\n\n<div class=\"wp-block-button has-custom-width wp-block-button__width-50\"><a class=\"wp-block-button__link wp-element-button\" href=\"https:\/\/dietish.co\/?page_id=173\">14 G\u00fcnl\u00fck Aral\u0131kl\u0131 Oru\u00e7<\/a><\/div>\n\n\n\n<div class=\"wp-block-button has-custom-width wp-block-button__width-50\"><a class=\"wp-block-button__link wp-element-button\" href=\"https:\/\/dietish.co\/?page_id=173\">21 G\u00fcnl\u00fck Ketojenik Diyet<\/a><\/div>\n\n\n\n<div class=\"wp-block-button has-custom-width wp-block-button__width-50\"><a class=\"wp-block-button__link wp-element-button\" href=\"https:\/\/dietish.co\/?page_id=173\">Tek Seans Online Diyet<\/a><\/div>\n\n\n\n<div class=\"wp-block-button has-custom-width wp-block-button__width-50\"><a class=\"wp-block-button__link wp-element-button\" href=\"https:\/\/dietish.co\/?page_id=173\">1 Ayl\u0131k Online Diyet (4 Seans)<\/a><\/div>\n<\/div>\n\n\n\n<div style=\"height:100px\" aria-hidden=\"true\" class=\"wp-block-spacer\"><\/div>\n\n\n\n<p><br><strong>Bizi Instagram&#8217;da takip edebilirsiniz.&nbsp;<\/strong><a href=\"https:\/\/www.instagram.com\/zehrabora\/\"><strong>@<\/strong><\/a><a href=\"https:\/\/www.instagram.com\/dietwithoyku\/\" target=\"_blank\" rel=\"noopener\" title=\"dietwithoyku\">dietwithoyku<\/a> <a href=\"https:\/\/www.instagram.com\/dietish.co\/\" title=\"\">@dietish.co<\/a><\/p>\n\n\n\n<div id=\"sb_instagram\"  class=\"sbi sbi_mob_col_3 sbi_tab_col_3 sbi_col_3 sbi_width_resp sbi_palette_light\" style=\"padding-bottom: 10px;\" data-feedid=\"*1\"  data-res=\"auto\" data-cols=\"3\" data-colsmobile=\"3\" data-colstablet=\"3\" data-num=\"6\" data-nummobile=\"6\" data-item-padding=\"5\" data-shortcode-atts=\"{}\"  data-postid=\"255\" data-locatornonce=\"47372206fb\" data-sbi-flags=\"favorLocal\">\n\t\n    <div id=\"sbi_images\"  style=\"gap: 10px;\">\n\t\t    <\/div>\n\n\t<div id=\"sbi_load\" >\n\n\t\n\t\t\t<span class=\"sbi_follow_btn sbi_custom\">\n        <a href=\"https:\/\/www.instagram.com\/dietish.co\/\" style=\"background: rgb(206,121,107);\" target=\"_blank\" rel=\"nofollow noopener\">\n            <svg class=\"svg-inline--fa fa-instagram fa-w-14\" aria-hidden=\"true\" data-fa-processed=\"\" aria-label=\"Instagram\" data-prefix=\"fab\" data-icon=\"instagram\" role=\"img\" viewBox=\"0 0 448 512\">\n\t                <path fill=\"currentColor\" d=\"M224.1 141c-63.6 0-114.9 51.3-114.9 114.9s51.3 114.9 114.9 114.9S339 319.5 339 255.9 287.7 141 224.1 141zm0 189.6c-41.1 0-74.7-33.5-74.7-74.7s33.5-74.7 74.7-74.7 74.7 33.5 74.7 74.7-33.6 74.7-74.7 74.7zm146.4-194.3c0 14.9-12 26.8-26.8 26.8-14.9 0-26.8-12-26.8-26.8s12-26.8 26.8-26.8 26.8 12 26.8 26.8zm76.1 27.2c-1.7-35.9-9.9-67.7-36.2-93.9-26.2-26.2-58-34.4-93.9-36.2-37-2.1-147.9-2.1-184.9 0-35.8 1.7-67.6 9.9-93.9 36.1s-34.4 58-36.2 93.9c-2.1 37-2.1 147.9 0 184.9 1.7 35.9 9.9 67.7 36.2 93.9s58 34.4 93.9 36.2c37 2.1 147.9 2.1 184.9 0 35.9-1.7 67.7-9.9 93.9-36.2 26.2-26.2 34.4-58 36.2-93.9 2.1-37 2.1-147.8 0-184.8zM398.8 388c-7.8 19.6-22.9 34.7-42.6 42.6-29.5 11.7-99.5 9-132.1 9s-102.7 2.6-132.1-9c-19.6-7.8-34.7-22.9-42.6-42.6-11.7-29.5-9-99.5-9-132.1s-2.6-102.7 9-132.1c7.8-19.6 22.9-34.7 42.6-42.6 29.5-11.7 99.5-9 132.1-9s102.7-2.6 132.1 9c19.6 7.8 34.7 22.9 42.6 42.6 11.7 29.5 9 99.5 9 132.1s2.7 102.7-9 132.1z\"><\/path>\n\t            <\/svg>            <span>Instagram&#039;dan Takip Et<\/span>\n        <\/a>\n    <\/span>\n\t\n<\/div>\n\n\t    <span class=\"sbi_resized_image_data\" data-feed-id=\"*1\" data-resized=\"[]\">\n\t<\/span>\n\t<\/div>\n\n\t<style type=\"text\/css\">\n\t\t\t\t#sb_instagram #sbi_load .sbi_load_btn:hover{\n\t\t\toutline: none;\n\t\t\tbox-shadow: inset 0 0 20px 20px #ce796b;\n\t\t}\n\t\t\t\t\n\t\t#sb_instagram .sbi_follow_btn a:hover,\n\t\t#sb_instagram .sbi_follow_btn a:focus{\n\t\t\toutline: none;\n\t\t\tbox-shadow: inset 0 0 10px 20px #a3b18a;\n\t\t}\n\t\t\t<\/style>\n\t\n\n\n<div class=\"wp-block-columns is-layout-flex wp-container-core-columns-is-layout-28f84493 wp-block-columns-is-layout-flex\">\n<div class=\"wp-block-column is-layout-flow wp-block-column-is-layout-flow\">\n<figure class=\"wp-block-image\"><a href=\"https:\/\/dietish.co\/?attachment_id=237\"><img loading=\"lazy\" decoding=\"async\" width=\"1024\" height=\"1024\" src=\"https:\/\/dietish.co\/wp-content\/uploads\/2025\/02\/13-1024x1024.png\" alt=\"\" class=\"wp-image-237\" srcset=\"https:\/\/dietish.co\/wp-content\/uploads\/2025\/02\/13-1024x1024.png 1024w, https:\/\/dietish.co\/wp-content\/uploads\/2025\/02\/13-300x300.png 300w, https:\/\/dietish.co\/wp-content\/uploads\/2025\/02\/13-150x150.png 150w, https:\/\/dietish.co\/wp-content\/uploads\/2025\/02\/13-768x768.png 768w, https:\/\/dietish.co\/wp-content\/uploads\/2025\/02\/13.png 1080w\" sizes=\"auto, (max-width: 1024px) 100vw, 1024px\" \/><\/a><\/figure>\n<\/div>\n\n\n\n<div class=\"wp-block-column is-layout-flow wp-block-column-is-layout-flow\">\n<figure class=\"wp-block-image\"><img loading=\"lazy\" decoding=\"async\" width=\"1024\" height=\"1024\" src=\"https:\/\/dietish.co\/wp-content\/uploads\/2025\/02\/14-1024x1024.png\" alt=\"\" class=\"wp-image-238\" srcset=\"https:\/\/dietish.co\/wp-content\/uploads\/2025\/02\/14-1024x1024.png 1024w, https:\/\/dietish.co\/wp-content\/uploads\/2025\/02\/14-300x300.png 300w, https:\/\/dietish.co\/wp-content\/uploads\/2025\/02\/14-150x150.png 150w, https:\/\/dietish.co\/wp-content\/uploads\/2025\/02\/14-768x768.png 768w, https:\/\/dietish.co\/wp-content\/uploads\/2025\/02\/14.png 1080w\" sizes=\"auto, (max-width: 1024px) 100vw, 1024px\" \/><\/figure>\n<\/div>\n<\/div>\n\n\n\n<div style=\"height:100px\" aria-hidden=\"true\" class=\"wp-block-spacer\"><\/div>\n\n\n\n<div class=\"wp-block-columns is-layout-flex wp-container-core-columns-is-layout-28f84493 wp-block-columns-is-layout-flex\">\n<div class=\"wp-block-column is-layout-flow wp-block-column-is-layout-flow\"><ul class=\"wp-block-page-list\"><li class=\"wp-block-pages-list__item\"><a class=\"wp-block-pages-list__item__link\" href=\"https:\/\/dietish.co\/?page_id=292\">7 G\u00fcnl\u00fck Detoks Program\u0131<\/a><\/li><li class=\"wp-block-pages-list__item menu-item-home\"><a class=\"wp-block-pages-list__item__link\" href=\"https:\/\/dietish.co\/\">Anasayfa<\/a><\/li><li class=\"wp-block-pages-list__item\"><a class=\"wp-block-pages-list__item__link\" href=\"https:\/\/dietish.co\/?page_id=173\">Beslenme Programlar\u0131<\/a><\/li><li class=\"wp-block-pages-list__item\"><a class=\"wp-block-pages-list__item__link\" href=\"https:\/\/dietish.co\/?page_id=257\">Blog<\/a><\/li><li class=\"wp-block-pages-list__item\"><a class=\"wp-block-pages-list__item__link\" href=\"https:\/\/dietish.co\/?page_id=380\">Contact (Theme)<\/a><\/li><li class=\"wp-block-pages-list__item\"><a class=\"wp-block-pages-list__item__link\" href=\"https:\/\/dietish.co\/?page_id=172\">Hakk\u0131m\u0131zda<\/a><\/li><li class=\"wp-block-pages-list__item\"><a class=\"wp-block-pages-list__item__link\" href=\"https:\/\/dietish.co\/?page_id=174\">\u0130leti\u015fim<\/a><\/li><li class=\"wp-block-pages-list__item\"><a class=\"wp-block-pages-list__item__link\" href=\"https:\/\/dietish.co\/?page_id=259\">Tarifler<\/a><\/li><\/ul><\/div>\n\n\n\n<div class=\"wp-block-column is-layout-flow wp-block-column-is-layout-flow\"><form role=\"search\" method=\"get\" action=\"https:\/\/dietish.co\/\" class=\"wp-block-search__no-button wp-block-search\"    ><label class=\"wp-block-search__label\" for=\"wp-block-search__input-1\" >Ara<\/label><div class=\"wp-block-search__inside-wrapper\" ><input class=\"wp-block-search__input\" id=\"wp-block-search__input-1\" placeholder=\"\" value=\"\" type=\"search\" name=\"s\" required \/><\/div><\/form><\/div>\n<\/div>\n","protected":false},"excerpt":{"rendered":"<p>Diyetisyen \u00d6yk\u00fc \u00d6zsoy&#8217;un kuruculu\u011funu yapt\u0131\u011f\u0131 Dietish Sa\u011fl\u0131kl\u0131 Ya\u015fam &amp; Diyet Klini\u011fi ile sa\u011fl\u0131kl\u0131 ya\u015fam yolculu\u011funuzda yeni bir ad\u0131m at\u0131n! Beslenme Programlar\u0131 Bizi Instagram&#8217;da takip edebilirsiniz.&nbsp;@dietwithoyku @dietish.co<\/p>\n","protected":false},"author":2,"featured_media":0,"parent":0,"menu_order":0,"comment_status":"closed","ping_status":"closed","template":"","meta":{"_monsterinsights_skip_tracking":false,"_monsterinsights_sitenote_active":false,"_monsterinsights_sitenote_note":"","_monsterinsights_sitenote_category":0,"footnotes":""},"class_list":["post-255","page","type-page","status-publish","hentry"],"aioseo_notices":[],"_links":{"self":[{"href":"https:\/\/dietish.co\/index.php?rest_route=\/wp\/v2\/pages\/255","targetHints":{"allow":["GET"]}}],"collection":[{"href":"https:\/\/dietish.co\/index.php?rest_route=\/wp\/v2\/pages"}],"about":[{"href":"https:\/\/dietish.co\/index.php?rest_route=\/wp\/v2\/types\/page"}],"author":[{"embeddable":true,"href":"https:\/\/dietish.co\/index.php?rest_route=\/wp\/v2\/users\/2"}],"replies":[{"embeddable":true,"href":"https:\/\/dietish.co\/index.php?rest_route=%2Fwp%2Fv2%2Fcomments&post=255"}],"version-history":[{"count":14,"href":"https:\/\/dietish.co\/index.php?rest_route=\/wp\/v2\/pages\/255\/revisions"}],"predecessor-version":[{"id":377,"href":"https:\/\/dietish.co\/index.php?rest_route=\/wp\/v2\/pages\/255\/revisions\/377"}],"wp:attachment":[{"href":"https:\/\/dietish.co\/index.php?rest_route=%2Fwp%2Fv2%2Fmedia&parent=255"}],"curies":[{"name":"wp","href":"https:\/\/api.w.org\/{rel}","templated":true}]}}